{"id":7400,"date":"2019-11-10T18:23:40","date_gmt":"2019-11-10T18:23:40","guid":{"rendered":"http:\/\/localhost\/carrick\/?page_id=7400"},"modified":"2019-11-11T10:48:10","modified_gmt":"2019-11-11T10:48:10","slug":"the-education-system-and-labour-force-in-the-uk","status":"publish","type":"page","link":"https:\/\/carrickgroup.co.uk\/vi\/the-education-system-and-labour-force-in-the-uk\/","title":{"rendered":"H\u1ec7 th\u1ed1ng gi\u00e1o d\u1ee5c v\u00e0 l\u1ef1c l\u01b0\u1ee3ng lao \u0111\u1ed9ng \u1edf Anh"},"content":{"rendered":"<section class=\"l-section wpb_row height_medium\"><div class=\"l-section-h i-cf\"><div class=\"g-cols vc_row type_default valign_top\"><div class=\"vc_col-sm-12 wpb_column vc_column_container\"><div class=\"vc_column-inner\"><div class=\"wpb_wrapper\"><div class=\"w-image align_none\"><div class=\"w-image-h\"><img loading=\"lazy\" decoding=\"async\" width=\"1920\" height=\"824\" src=\"https:\/\/carrickgroup.co.uk\/wp-content\/uploads\/2019\/11\/banner2.jpg\" class=\"attachment-full size-full\" alt=\"\" srcset=\"https:\/\/carrickgroup.co.uk\/wp-content\/uploads\/2019\/11\/banner2.jpg 1920w, https:\/\/carrickgroup.co.uk\/wp-content\/uploads\/2019\/11\/banner2-300x129.jpg 300w, https:\/\/carrickgroup.co.uk\/wp-content\/uploads\/2019\/11\/banner2-1024x439.jpg 1024w\" sizes=\"(max-width: 1920px) 100vw, 1920px\" \/><\/div><\/div><\/div><\/div><\/div><\/div><\/div><\/section><section class=\"l-section wpb_row height_medium\"><div class=\"l-section-h i-cf\"><div class=\"g-cols vc_row type_default valign_top\"><div class=\"vc_col-sm-12 wpb_column vc_column_container\"><div class=\"vc_column-inner  vc_custom_1573410210648\"><div class=\"wpb_wrapper\">\r\n\t<div class=\"wpb_text_column \">\r\n\t\t<div class=\"wpb_wrapper\">\r\n\t\t\t<p><strong>H\u1ec7 th\u1ed1ng gi\u00e1o d\u1ee5c \u1edf Anh<\/strong><\/p>\n<p><strong>M\u1ecdi ng\u01b0\u1eddi \u0111\u1ebfn h\u1ecdc \u1edf Anh v\u00ec nhi\u1ec1u l\u00fd do kh\u00e1c nhau. H\u1ecd c\u00f3 th\u1ec3 h\u1ecdc trong m\u1ed9t lo\u1ea1t c\u00e1c t\u1ed5 ch\u1ee9c, t\u1eeb c\u00e1c kh\u00f3a h\u1ecdc\u00a0<\/strong><strong>n\u00e2ng cao<\/strong>\u00a0<strong>sau \u0111\u1ea1i h\u1ecdc, ho\u1eb7c h\u1ecd c\u00f3 th\u1ec3 \u0111\u1ebfn m\u1ed9t tr\u01b0\u1eddng n\u1ed9i tr\u00fa ho\u1eb7c cho m\u1ed9t kh\u00f3a h\u1ecdc ti\u1ebfng Anh ng\u1eafn.T\u1ea5t c\u1ea3 h\u1ecd \u0111\u1ec1u nh\u1eadn ra r\u1eb1ng vi\u1ec7c h\u1ecdc t\u1eadp t\u1ea1i V\u01b0\u01a1ng qu\u1ed1c Anh s\u1ebd cho h\u1ecd c\u01a1 h\u1ed9i thay \u0111\u1ed5i cu\u1ed9c s\u1ed1ng c\u1ee7a h\u1ecd m\u1ed9t c\u00e1ch t\u00edch c\u1ef1c.<\/strong><\/p>\n<p><em>H\u1ec7 th\u1ed1ng gi\u00e1o d\u1ee5c t\u1ea1i V\u01b0\u01a1ng qu\u1ed1c Anh c\u0169ng \u0111\u01b0\u1ee3c chia th\u00e0nh \u201cc\u00e1c giai \u0111o\u1ea1n quan tr\u1ecdng\u201d \u0111\u01b0\u1ee3c ph\u00e2n<\/em><em>\u00a0nh\u1ecf nh\u01b0 sau:<\/em><\/p>\n<ul>\n<li><strong><em>Giai \u0111o\u1ea1n 1:<\/em><\/strong><em>\u00a05 \u0111\u1ebfn 7 tu\u1ed5i<\/em><\/li>\n<li><strong><em>Giai \u0111o\u1ea1n 2<\/em><\/strong><em>: 7 \u0111\u1ebfn 11 tu\u1ed5i<\/em><\/li>\n<li><strong><em>Giai \u0111o\u1ea1n 3<\/em><\/strong><em>: 11 \u0111\u1ebfn 14 tu\u1ed5i<\/em><\/li>\n<li><strong><em>Giai \u0111o\u1ea1n 4:<\/em><\/strong><em>\u00a014 \u0111\u1ebfn 16 tu\u1ed5i<\/em><\/li>\n<\/ul>\n<p>Th\u00f4ng th\u01b0\u1eddng, c\u00e1c giai \u0111o\u1ea1n ch\u00ednh 1 v\u00e0 2 s\u1ebd \u0111\u01b0\u1ee3c th\u1ef1c hi\u1ec7n t\u1ea1i tr\u01b0\u1eddng ti\u1ec3u h\u1ecdc d\u01b0\u1edbi 11 tu\u1ed5i, sau \u0111\u00f3 h\u1ecdc sinh s\u1ebd chuy\u1ec3n \u0111\u1ebfn tr\u01b0\u1eddng c\u1ea5p hai v\u00e0 ho\u00e0n th\u00e0nh kh\u00f3a 3 v\u00e0 4.<br \/>\nH\u1ecdc sinh \u0111\u01b0\u1ee3c \u0111\u00e1nh gi\u00e1 v\u00e0o cu\u1ed1i m\u1ed7i giai \u0111o\u1ea1n. \u0110\u00e1nh gi\u00e1 quan tr\u1ecdng nh\u1ea5t s\u1ebd di\u1ec5n ra \u1edf tu\u1ed5i 16 khi h\u1ecdc sinh theo \u0111u\u1ed5i ch\u1ee9ng ch\u1ec9 GCSE ho\u1eb7c Ch\u1ee9ng ch\u1ec9 chung v\u1ec1 Gi\u00e1o d\u1ee5c trung h\u1ecdc. Khi h\u1ecdc sinh ho\u00e0n th\u00e0nh ch\u01b0\u01a1ng tr\u00ecnh GCSE, h\u1ecd c\u00f3 quy\u1ec1n l\u1ef1a ch\u1ecdn \u0111i h\u1ecdc cao h\u01a1n v\u00e0 sau \u0111\u00f3 l\u00e0 gi\u00e1o d\u1ee5c \u0111\u1ea1i h\u1ecdc ti\u1ec1m n\u0103ng \u2013 ho\u1eb7c k\u1ebft th\u00fac vi\u1ec7c h\u1ecdc v\u00e0 c\u00f3 th\u1ec3 \u0111i l\u00e0m vi\u1ec7c lu\u00f4n.<br \/>\nT\u1ed5ng quan c\u1ee7a ch\u00fang t\u00f4i v\u1ec1 h\u1ec7 th\u1ed1ng gi\u00e1o d\u1ee5c \u1edf Anh \u0111\u01b0\u1ee3c chia th\u00e0nh n\u0103m ph\u1ea7n ch\u00ednh:<\/p>\n<p><strong>Gi\u00e1o d\u1ee5c ti\u1ec3u h\u1ecdc<\/strong><\/p>\n<p>Gi\u00e1o d\u1ee5c ti\u1ec3u h\u1ecdc b\u1eaft \u0111\u1ea7u \u1edf Anh l\u00fac 5 tu\u1ed5i v\u00e0 ti\u1ebfp t\u1ee5c cho \u0111\u1ebfn khi 11 tu\u1ed5i, bao g\u1ed3m giai \u0111o\u1ea1n 1 v\u00e0 2<\/p>\n<p><strong>Gi\u00e1o d\u1ee5c trung h\u1ecdc<\/strong><\/p>\n<p>T\u1eeb 11 \u0111\u1ebfn 16 tu\u1ed5i, h\u1ecdc sinh s\u1ebd v\u00e0o tr\u01b0\u1eddng trung h\u1ecdc cho c\u00e1c giai \u0111o\u1ea1n ch\u00ednh 3 v\u00e0 4 v\u00e0 chuy\u1ec3n l\u00eantheo h\u01b0\u1edbng h\u1ecdc GCSE \u2013 v\u00e0 b\u1eaft \u0111\u1ea7u ph\u00e2n chuy\u00ean ng\u00e0nh. Gi\u00e1o d\u1ee5c ti\u1ec3u h\u1ecdc v\u00e0 trung h\u1ecdc l\u00e0 b\u1eaft bu\u1ed9c \u1edf V\u01b0\u01a1ng qu\u1ed1c Anh; sau 16 tu\u1ed5i, h\u1ecdc ti\u1ebfp hay kh\u00f4ng l\u00e0 t\u00f9y ch\u1ecdn.<\/p>\n<p><strong>Gi\u00e1o d\u1ee5c c\u1ea5p 3<\/strong><\/p>\n<p>M\u1ed9t khi h\u1ecdc sinh ho\u00e0n th\u00e0nh gi\u00e1o d\u1ee5c trung h\u1ecdc, h\u1ecd c\u00f3 th\u1ec3 ch\u1ecdn m\u1edf r\u1ed9ng sang gi\u00e1o d\u1ee5c cao h\u01a1n\u0111\u1ec3 l\u1ea5y b\u1eb1ng A-Levels, GNVQ, BTEC ho\u1eb7c c\u00e1c b\u1eb1ng c\u1ea5p kh\u00e1c. Sinh vi\u00ean Anh d\u1ef1 \u0111\u1ecbnh v\u00e0o \u0111\u1ea1i h\u1ecdc ho\u1eb7c \u0111\u1ea1i h\u1ecdc ph\u1ea3i ho\u00e0n th\u00e0nh gi\u00e1o d\u1ee5c n\u00e0y.<\/p>\n<p><strong>Gi\u00e1o d\u1ee5c \u0111\u1ea1i h\u1ecdc<\/strong><\/p>\n<p>H\u1ea7u h\u1ebft sinh vi\u00ean qu\u1ed1c t\u1ebf s\u1ebd tham gia tr\u1ef1c ti\u1ebfp v\u00e0o h\u1ec7 th\u1ed1ng gi\u00e1o d\u1ee5c \u0111\u1ea1i h\u1ecdc c\u1ee7a V\u01b0\u01a1ng qu\u1ed1c Anh, sau khi ho\u00e0n th\u00e0nh ch\u01b0\u01a1ng tr\u00ecnh t\u01b0\u01a1ng \u0111\u01b0\u01a1ng v\u1edbi \u201cgi\u00e1o d\u1ee5c c\u1ea5p 3\u201d c\u1ee7a V\u01b0\u01a1ng qu\u1ed1c Anh.<br \/>\n<iframe loading=\"lazy\" src=\"https:\/\/www.youtube.com\/embed\/L3j-iWsTQ68\" width=\"560\" height=\"315\" frameborder=\"0\" allowfullscreen=\"allowfullscreen\"><\/iframe><br \/>\n<strong><span lang=\"EN-GB\">L\u1ef1c l\u01b0\u1ee3ng lao \u0111\u1ed9ng Anh<\/span><\/strong><\/p>\n<p><span lang=\"EN-GB\">N\u1ec1n kinh t\u1ebf Anh l\u00e0 m\u1ed9t trong nh\u1eefng n\u1ec1n kinh t\u1ebf m\u1ea1nh nh\u1ea5t \u1edf ch\u00e2u \u00c2u<\/span><\/p>\n<p><span lang=\"EN-GB\">\u2022 T\u1ef7 l\u1ec7 vi\u1ec7c l\u00e0m \u1edf Anh \u0111\u01b0\u1ee3c \u01b0\u1edbc t\u00ednh l\u00e0 76,1%, cao h\u01a1n so v\u1edbi m\u1ed9t n\u0103m tr\u01b0\u1edbc \u0111\u00f3 (75,3%).<\/span><\/p>\n<p><span lang=\"EN-GB\">\u2022 T\u1ef7 l\u1ec7 th\u1ea5t nghi\u1ec7p c\u1ee7a Anh \u0111\u01b0\u1ee3c \u01b0\u1edbc t\u00ednh l\u00e0 3,9%.<\/span><\/p>\n<p><span lang=\"EN-GB\">\u2022 T\u1ef7 l\u1ec7 ng\u01b0\u1eddi kh\u00f4ng ho\u1ea1t \u0111\u1ed9ng kinh t\u1ebf c\u1ee7a Anh \u0111\u01b0\u1ee3c \u01b0\u1edbc t\u00ednh \u1edf m\u1ee9c 20,7% (nh\u1eefng ng\u01b0\u1eddi \u1edf \u0111\u1ed9 tu\u1ed5i lao \u0111\u1ed9ng nh\u01b0ng kh\u00f4ng c\u00f3 vi\u1ec7c l\u00e0m trong v\u00f2ng \u00edt nh\u1ea5t l\u00e0 4 tu\u1ea7n(, th\u1ea5p h\u01a1n so v\u1edbi m\u1ed9t n\u0103m tr\u01b0\u1edbc \u0111\u00f3 (21,2%) v\u00e0 l\u00e0 con s\u1ed1 th\u1ea5p nh\u1ea5t trong h\u1ed3 s\u01a1.<\/span><\/p>\n<p><span lang=\"EN-GB\">\u2022 N\u1ebfu kh\u00f4ng bao g\u1ed3m ti\u1ec1n th\u01b0\u1edfng, thu nh\u1eadp trung b\u00ecnh h\u00e0ng tu\u1ea7n cho nh\u00e2n vi\u00ean \u1edf V\u01b0\u01a1ng qu\u1ed1c Anh \u0111\u01b0\u1ee3c \u01b0\u1edbc t\u00ednh t\u0103ng 3,4%, tr\u01b0\u1edbc khi \u0111i\u1ec1u ch\u1ec9nh theo l\u1ea1m ph\u00e1t v\u00e0 1,4% sau khi \u0111i\u1ec1u ch\u1ec9nh l\u1ea1m ph\u00e1t so v\u1edbi m\u1ed9t n\u0103m tr\u01b0\u1edbc \u0111\u00f3.<\/span><\/p>\n<p><span lang=\"EN-GB\">\u2022 Bao g\u1ed3m ti\u1ec1n th\u01b0\u1edfng, thu nh\u1eadp trung b\u00ecnh h\u00e0ng tu\u1ea7n cho nh\u00e2n vi\u00ean \u1edf V\u01b0\u01a1ng qu\u1ed1c Anh \u0111\u01b0\u1ee3c \u01b0\u1edbc t\u00ednh t\u0103ng 3,4%, tr\u01b0\u1edbc khi \u0111i\u1ec1u ch\u1ec9nh theo l\u1ea1m ph\u00e1t v\u00e0 1,5% sau khi \u0111i\u1ec1u ch\u1ec9nh l\u1ea1m ph\u00e1t so v\u1edbi m\u1ed9t n\u0103m tr\u01b0\u1edbc \u0111\u00f3.<\/span><\/p>\n\r\n\t\t<\/div>\r\n\t<\/div>\r\n<\/div><\/div><\/div><\/div><\/div><\/section>\n","protected":false},"excerpt":{"rendered":"H\u1ec7 th\u1ed1ng gi\u00e1o d\u1ee5c \u1edf Anh M\u1ecdi ng\u01b0\u1eddi \u0111\u1ebfn h\u1ecdc \u1edf Anh v\u00ec nhi\u1ec1u l\u00fd do kh\u00e1c nhau. H\u1ecd c\u00f3 th\u1ec3 h\u1ecdc trong m\u1ed9t lo\u1ea1t c\u00e1c t\u1ed5 ch\u1ee9c, t\u1eeb c\u00e1c kh\u00f3a h\u1ecdc\u00a0n\u00e2ng cao\u00a0sau \u0111\u1ea1i h\u1ecdc, ho\u1eb7c h\u1ecd c\u00f3 th\u1ec3 \u0111\u1ebfn m\u1ed9t tr\u01b0\u1eddng n\u1ed9i tr\u00fa ho\u1eb7c cho m\u1ed9t kh\u00f3a h\u1ecdc ti\u1ebfng Anh ng\u1eafn.T\u1ea5t c\u1ea3 h\u1ecd \u0111\u1ec1u...","protected":false},"author":1,"featured_media":0,"parent":0,"menu_order":0,"comment_status":"closed","ping_status":"closed","template":"","meta":{"_acf_changed":false,"footnotes":""},"acf":[],"_links":{"self":[{"href":"https:\/\/carrickgroup.co.uk\/vi\/wp-json\/wp\/v2\/pages\/7400"}],"collection":[{"href":"https:\/\/carrickgroup.co.uk\/vi\/wp-json\/wp\/v2\/pages"}],"about":[{"href":"https:\/\/carrickgroup.co.uk\/vi\/wp-json\/wp\/v2\/types\/page"}],"author":[{"embeddable":true,"href":"https:\/\/carrickgroup.co.uk\/vi\/wp-json\/wp\/v2\/users\/1"}],"replies":[{"embeddable":true,"href":"https:\/\/carrickgroup.co.uk\/vi\/wp-json\/wp\/v2\/comments?post=7400"}],"version-history":[{"count":2,"href":"https:\/\/carrickgroup.co.uk\/vi\/wp-json\/wp\/v2\/pages\/7400\/revisions"}],"predecessor-version":[{"id":7499,"href":"https:\/\/carrickgroup.co.uk\/vi\/wp-json\/wp\/v2\/pages\/7400\/revisions\/7499"}],"wp:attachment":[{"href":"https:\/\/carrickgroup.co.uk\/vi\/wp-json\/wp\/v2\/media?parent=7400"}],"curies":[{"name":"wp","href":"https:\/\/api.w.org\/{rel}","templated":true}]}}