{"id":7347,"date":"2019-11-09T08:27:13","date_gmt":"2019-11-09T08:27:13","guid":{"rendered":"http:\/\/localhost\/carrick\/?page_id=7347"},"modified":"2019-12-15T08:35:11","modified_gmt":"2019-12-15T08:35:11","slug":"about-the-founder","status":"publish","type":"page","link":"https:\/\/carrickgroup.co.uk\/vi\/about-the-founder\/","title":{"rendered":"V\u1ec1 ng\u01b0\u1eddi s\u00e1ng l\u1eadp"},"content":{"rendered":"<section class=\"l-section wpb_row height_medium\"><div class=\"l-section-h i-cf\"><div class=\"g-cols vc_row type_default valign_top\"><div class=\"vc_col-sm-6 wpb_column vc_column_container\"><div class=\"vc_column-inner\"><div class=\"wpb_wrapper\"><div class=\"w-image align_none\"><div class=\"w-image-h\"><img loading=\"lazy\" decoding=\"async\" width=\"1536\" height=\"2048\" src=\"https:\/\/carrickgroup.co.uk\/wp-content\/uploads\/2019\/11\/avart.jpg\" class=\"attachment-full size-full\" alt=\"\" srcset=\"https:\/\/carrickgroup.co.uk\/wp-content\/uploads\/2019\/11\/avart.jpg 1536w, https:\/\/carrickgroup.co.uk\/wp-content\/uploads\/2019\/11\/avart-225x300.jpg 225w, https:\/\/carrickgroup.co.uk\/wp-content\/uploads\/2019\/11\/avart-768x1024.jpg 768w\" sizes=\"(max-width: 1536px) 100vw, 1536px\" \/><\/div><\/div><\/div><\/div><\/div><div class=\"vc_col-sm-6 wpb_column vc_column_container\"><div class=\"vc_column-inner\"><div class=\"wpb_wrapper\">\r\n\t<div class=\"wpb_text_column \">\r\n\t\t<div class=\"wpb_wrapper\">\r\n\t\t\t<h3>V\u1ec0 NG\u01af\u1edcI S\u00c1NG L\u1eacP<\/h3>\n<p>Anh Dao Carrick l\u00e0 Gi\u00e1m \u0111\u1ed1c t\u00e0i ch\u00ednh c\u1ee7a C\u00f4ng ty C&amp;T, c\u00f4ng ty k\u1ebf to\u00e1n ICAEW, v\u00e0 ACCA c\u00f3 tr\u1ee5 s\u1edf t\u1ea1i London. Ngo\u00e0i ra, c\u00f4 c\u00f2n th\u00e0nh l\u1eadp C\u00f4ng ty TNHH \u0110\u1ea7u t\u01b0 Carrick t\u1ea1i Vi\u1ec7t Nam \u0111\u1ec3 h\u1ed7 tr\u1ee3 sinh vi\u00ean Vi\u1ec7t Nam du h\u1ecdc t\u1ea1i Anh v\u00e0 ph\u00e1t tri\u1ec3n gi\u00e1o d\u1ee5c Anh sang Vi\u1ec7t Nam, v\u00e0 C\u00f4ng ty Carrick Properties Investment chuy\u00ean v\u1ec1 l\u0129nh v\u1ef1c b\u1ea5t \u0111\u1ed9ng s\u1ea3n t\u1ea1i Anh.<br \/>\nTh\u00eam n\u1eefa, c\u00f4 \u0111ang l\u00e0 th\u00e0nh vi\u00ean ban ch\u1ea5p h\u00e0nh c\u1ee7a h\u1ed9i doanh nghi\u1ec7p t\u01b0 nh\u00e2n Vi\u1ec7t Nam. C\u00f4 c\u0169ng l\u00e0 th\u00e0nh vi\u00ean ban ch\u1ea5p h\u00e0nh c\u1ee7a \u201cStitches in time\u201d v\u1ec1 t\u1ed5 ch\u1ee9c t\u1eeb thi\u1ec7n h\u1ed7 tr\u1ee3 gi\u00e1o d\u1ee5c v\u00e0 b\u00ecnh \u0111\u1eb3ng, v\u00e0 l\u00e0 t\u1ed5ng th\u01b0 k\u00fd c\u1ee7a h\u1ed9i ng\u01b0\u1eddi Vi\u1ec7t t\u1ea1i V\u01b0\u01a1ng Qu\u1ed1c Anh.<\/p>\n<p>C\u00f4 t\u1ed1t nghi\u1ec7p \u0110\u1ea1i h\u1ecdc Durham v\u1edbi b\u1eb1ng Th\u1ea1c s\u0129 Qu\u1ea3n l\u00fd Nh\u00e2n s\u1ef1. Tr\u1ecdng t\u00e2m c\u1ee7a c\u00f4 l\u00e0 v\u1ec1 c\u00e1c n\u1ec1n v\u0103n h\u00f3a kh\u00e1c nhau trong n\u01a1i l\u00e0m vi\u1ec7c v\u00e0 lu\u1eadn \u00e1n c\u1ee7a c\u00f4 l\u00e0 v\u1ec1 nh\u1eefng xung \u0111\u1ed9t v\u00e0 gi\u1ea3i ph\u00e1p gi\u1eefa ch\u1ee7 lao \u0111\u1ed9ng Anh v\u00e0 c\u00f4ng nh\u00e2n Vi\u1ec7t Nam t\u1ea1i Vi\u1ec7t Nam. C\u00f4 c\u0169ng c\u00f3 ch\u1ee9ng ch\u1ec9 sau \u0111\u1ea1i h\u1ecdc v\u1ec1 t\u00e0i ch\u00ednh v\u00e0 l\u00e0 m\u1ed9t K\u1ebf to\u00e1n vi\u00ean qu\u1ed1c t\u1ebf ACCA. C\u00f4 c\u00f2n c\u00f3 b\u1eb1ng t\u01b0 v\u1ea5n gi\u00e1o d\u1ee5c \u0111\u01b0\u1ee3c H\u1ed9i \u0111\u1ed3ng Anh ch\u1ee9ng nh\u1eadn.<\/p>\n<p>C\u00f4 l\u00e0 \u0111\u1ea1i di\u1ec7n duy nh\u1ea5t c\u1ee7a \u200b\u200bVi\u1ec7t Nam, c\u00f9ng v\u1edbi 245 ng\u01b0\u1eddi t\u1eeb 84 qu\u1ed1c t\u1ecbch kh\u00e1c, \u0111\u00e3 ph\u00e1 k\u1ef7 l\u1ee5c Guinness th\u1ebf gi\u1edbi v\u1ec1 s\u1ef1 ki\u1ec7n &#8220;c\u00e1c qu\u1ed1c t\u1ecbch \u0111\u00e3 c\u00f9ng nhau h\u00e1t chung m\u1ed9t ca kh\u00fac nh\u1ea1c n\u1ed5i ti\u1ebfng&#8221; v\u00e0o ng\u00e0y 8 th\u00e1ng 10 n\u0103m 2018.<\/p>\n\r\n\t\t<\/div>\r\n\t<\/div>\r\n<div class=\"w-socials style_default hover_fade color_brand shape_square align_left\"><div class=\"w-socials-list\" style=\"font-size:20px;margin:-0;\"><div class=\"w-socials-item facebook\" style=\"padding:0;\"><a class=\"w-socials-item-link\" rel=\"noopener nofollow\" target=\"_blank\" href=\"https:\/\/www.facebook.com\/carrick.anh.18\" title=\"Facebook\" aria-label=\"Facebook\"><span class=\"w-socials-item-link-hover\"><\/span><\/a><div class=\"w-socials-item-popup\"><span>Facebook<\/span><\/div><\/div><div class=\"w-socials-item linkedin\" style=\"padding:0;\"><a class=\"w-socials-item-link\" rel=\"noopener nofollow\" target=\"_blank\" href=\"https:\/\/www.linkedin.com\/in\/anh-dao-carrick-ba-pgcert-ma-acca-74b86054\/\" title=\"LinkedIn\" aria-label=\"LinkedIn\"><span class=\"w-socials-item-link-hover\"><\/span><\/a><div class=\"w-socials-item-popup\"><span>LinkedIn<\/span><\/div><\/div><\/div><\/div><\/div><\/div><\/div><\/div><\/div><\/section><section class=\"l-section wpb_row height_medium\"><div class=\"l-section-h i-cf\"><div class=\"g-cols vc_row type_default valign_top\"><div class=\"vc_col-sm-12 wpb_column vc_column_container\"><div class=\"vc_column-inner\"><div class=\"wpb_wrapper\">[vc_custom_heading text=&#8221;HO\u1ea0T \u0110\u1ed8NG C\u1ee6A NG\u01af\u1edcI S\u00c1NG L\u1eacP&#8221; font_container=&#8221;tag:h2|text_align:center|color:%232092c4&#8243; use_theme_fonts=&#8221;yes&#8221;]<div class=\"w-grid type_carousel layout_gallery_default\" id=\"us_grid_1\"><style id=\"us_grid_1_css\">#us_grid_1 .w-grid-item{padding:1.5rem}#us_grid_1 .w-grid-list{margin:-1.5rem}.w-grid + #us_grid_1 .w-grid-list{margin-top:1.5rem}<\/style><style>#us_grid_1 .w-grid-item-h{}#us_grid_1 .usg_post_image_1{}<\/style><div class=\"w-grid-list owl-carousel navstyle_circle navpos_outside with_dots\"><article class=\"w-grid-item post-7354 attachment type-attachment status-inherit hentry\" data-id=\"7354\">\r\n\t<div class=\"w-grid-item-h\">\r\n\t\t\t\t<div class=\"w-post-elm post_image usg_post_image_1 stretched\"><img loading=\"lazy\" decoding=\"async\" width=\"600\" height=\"600\" src=\"https:\/\/carrickgroup.co.uk\/wp-content\/uploads\/2019\/11\/5-600x600.jpg\" class=\"attachment-us_600_600_crop size-us_600_600_crop\" alt=\"\" srcset=\"https:\/\/carrickgroup.co.uk\/wp-content\/uploads\/2019\/11\/5-600x600.jpg 600w, https:\/\/carrickgroup.co.uk\/wp-content\/uploads\/2019\/11\/5-150x150.jpg 150w\" sizes=\"(max-width: 600px) 100vw, 600px\" \/><\/div>\t<\/div>\r\n<\/article>\r\n<article class=\"w-grid-item post-7353 attachment type-attachment status-inherit hentry\" data-id=\"7353\">\r\n\t<div class=\"w-grid-item-h\">\r\n\t\t\t\t<div class=\"w-post-elm post_image usg_post_image_1 stretched\"><img loading=\"lazy\" decoding=\"async\" width=\"600\" height=\"600\" src=\"https:\/\/carrickgroup.co.uk\/wp-content\/uploads\/2019\/11\/4-600x600.jpg\" class=\"attachment-us_600_600_crop size-us_600_600_crop\" alt=\"\" srcset=\"https:\/\/carrickgroup.co.uk\/wp-content\/uploads\/2019\/11\/4-600x600.jpg 600w, https:\/\/carrickgroup.co.uk\/wp-content\/uploads\/2019\/11\/4-150x150.jpg 150w\" sizes=\"(max-width: 600px) 100vw, 600px\" \/><\/div>\t<\/div>\r\n<\/article>\r\n<article class=\"w-grid-item post-7352 attachment type-attachment status-inherit hentry\" data-id=\"7352\">\r\n\t<div class=\"w-grid-item-h\">\r\n\t\t\t\t<div class=\"w-post-elm post_image usg_post_image_1 stretched\"><img loading=\"lazy\" decoding=\"async\" width=\"600\" height=\"600\" src=\"https:\/\/carrickgroup.co.uk\/wp-content\/uploads\/2019\/11\/3-600x600.jpg\" class=\"attachment-us_600_600_crop size-us_600_600_crop\" alt=\"\" srcset=\"https:\/\/carrickgroup.co.uk\/wp-content\/uploads\/2019\/11\/3-600x600.jpg 600w, https:\/\/carrickgroup.co.uk\/wp-content\/uploads\/2019\/11\/3-150x150.jpg 150w\" sizes=\"(max-width: 600px) 100vw, 600px\" \/><\/div>\t<\/div>\r\n<\/article>\r\n<article class=\"w-grid-item post-7351 attachment type-attachment status-inherit hentry\" data-id=\"7351\">\r\n\t<div class=\"w-grid-item-h\">\r\n\t\t\t\t<div class=\"w-post-elm post_image usg_post_image_1 stretched\"><img loading=\"lazy\" decoding=\"async\" width=\"600\" height=\"600\" src=\"https:\/\/carrickgroup.co.uk\/wp-content\/uploads\/2019\/11\/2-600x600.jpg\" class=\"attachment-us_600_600_crop size-us_600_600_crop\" alt=\"\" srcset=\"https:\/\/carrickgroup.co.uk\/wp-content\/uploads\/2019\/11\/2-600x600.jpg 600w, https:\/\/carrickgroup.co.uk\/wp-content\/uploads\/2019\/11\/2-150x150.jpg 150w\" sizes=\"(max-width: 600px) 100vw, 600px\" \/><\/div>\t<\/div>\r\n<\/article>\r\n<article class=\"w-grid-item post-7350 attachment type-attachment status-inherit hentry\" data-id=\"7350\">\r\n\t<div class=\"w-grid-item-h\">\r\n\t\t\t\t<div class=\"w-post-elm post_image usg_post_image_1 stretched\"><img loading=\"lazy\" decoding=\"async\" width=\"600\" height=\"600\" src=\"https:\/\/carrickgroup.co.uk\/wp-content\/uploads\/2019\/11\/1-600x600.jpg\" class=\"attachment-us_600_600_crop size-us_600_600_crop\" alt=\"\" srcset=\"https:\/\/carrickgroup.co.uk\/wp-content\/uploads\/2019\/11\/1-600x600.jpg 600w, https:\/\/carrickgroup.co.uk\/wp-content\/uploads\/2019\/11\/1-150x150.jpg 150w\" sizes=\"(max-width: 600px) 100vw, 600px\" \/><\/div>\t<\/div>\r\n<\/article>\r\n<\/div>\t<div class=\"g-preloader type_1\">\r\n\t\t<div><\/div>\r\n\t<\/div>\r\n\t\t<div class=\"w-grid-json hidden\" onclick='return {&quot;ajax_url&quot;:&quot;https:\\\/\\\/carrickgroup.co.uk\\\/wp-admin\\\/admin-ajax.php&quot;,&quot;permalink_url&quot;:&quot;https:\\\/\\\/carrickgroup.co.uk\\\/vi\\\/about-the-founder\\\/attachment\\\/1\\\/&quot;,&quot;action&quot;:&quot;us_ajax_grid&quot;,&quot;max_num_pages&quot;:1,&quot;infinite_scroll&quot;:0,&quot;template_vars&quot;:{&quot;query_args&quot;:{&quot;post_type&quot;:[&quot;attachment&quot;],&quot;post__in&quot;:[&quot;7354&quot;,&quot;7353&quot;,&quot;7352&quot;,&quot;7351&quot;,&quot;7350&quot;],&quot;post_status&quot;:&quot;inherit&quot;,&quot;post_mime_type&quot;:&quot;image&quot;,&quot;orderby&quot;:{&quot;date&quot;:&quot;DESC&quot;},&quot;posts_per_page&quot;:&quot;5&quot;},&quot;post_id&quot;:7347,&quot;us_grid_index&quot;:1,&quot;us_grid_ajax_index&quot;:null,&quot;exclude_items&quot;:&quot;none&quot;,&quot;items_offset&quot;:&quot;1&quot;,&quot;items_layout&quot;:&quot;gallery_default&quot;,&quot;type&quot;:&quot;carousel&quot;,&quot;columns&quot;:&quot;4&quot;,&quot;img_size&quot;:&quot;default&quot;,&quot;overriding_link&quot;:&quot;none&quot;},&quot;carousel_settings&quot;:{&quot;items&quot;:&quot;4&quot;,&quot;nav&quot;:1,&quot;navNext&quot;:&quot;&quot;,&quot;navPrev&quot;:&quot;&quot;,&quot;dots&quot;:1,&quot;center&quot;:0,&quot;autoplay&quot;:0,&quot;smooth_play&quot;:0,&quot;timeout&quot;:3000,&quot;speed&quot;:250,&quot;transition&quot;:&quot;&quot;,&quot;autoHeight&quot;:0,&quot;slideby&quot;:&quot;1&quot;},&quot;carousel_breakpoints&quot;:{&quot;1200&quot;:{&quot;items&quot;:4},&quot;900&quot;:{&quot;items&quot;:3,&quot;autoplay&quot;:1,&quot;autoplayHoverPause&quot;:1},&quot;600&quot;:{&quot;items&quot;:2,&quot;autoplay&quot;:1,&quot;autoplayHoverPause&quot;:1},&quot;0&quot;:{&quot;items&quot;:1,&quot;autoplay&quot;:1,&quot;autoplayHoverPause&quot;:1,&quot;autoHeight&quot;:0}}}'><\/div>\r\n<\/div><\/div><\/div><\/div><\/div><\/div><\/section>\n","protected":false},"excerpt":{"rendered":"","protected":false},"author":1,"featured_media":0,"parent":0,"menu_order":0,"comment_status":"closed","ping_status":"closed","template":"","meta":{"_acf_changed":false,"footnotes":""},"acf":[],"_links":{"self":[{"href":"https:\/\/carrickgroup.co.uk\/vi\/wp-json\/wp\/v2\/pages\/7347"}],"collection":[{"href":"https:\/\/carrickgroup.co.uk\/vi\/wp-json\/wp\/v2\/pages"}],"about":[{"href":"https:\/\/carrickgroup.co.uk\/vi\/wp-json\/wp\/v2\/types\/page"}],"author":[{"embeddable":true,"href":"https:\/\/carrickgroup.co.uk\/vi\/wp-json\/wp\/v2\/users\/1"}],"replies":[{"embeddable":true,"href":"https:\/\/carrickgroup.co.uk\/vi\/wp-json\/wp\/v2\/comments?post=7347"}],"version-history":[{"count":11,"href":"https:\/\/carrickgroup.co.uk\/vi\/wp-json\/wp\/v2\/pages\/7347\/revisions"}],"predecessor-version":[{"id":7653,"href":"https:\/\/carrickgroup.co.uk\/vi\/wp-json\/wp\/v2\/pages\/7347\/revisions\/7653"}],"wp:attachment":[{"href":"https:\/\/carrickgroup.co.uk\/vi\/wp-json\/wp\/v2\/media?parent=7347"}],"curies":[{"name":"wp","href":"https:\/\/api.w.org\/{rel}","templated":true}]}}