{"id":7080,"date":"2013-05-31T11:57:37","date_gmt":"2013-05-31T11:57:37","guid":{"rendered":"http:\/\/impreza.us-themes.net\/pages\/about\/"},"modified":"2019-12-21T03:51:15","modified_gmt":"2019-12-21T03:51:15","slug":"ve-carrick-education","status":"publish","type":"page","link":"https:\/\/carrickgroup.co.uk\/vi\/pages\/ve-carrick-education\/","title":{"rendered":"V\u1ec1 Carrick Education"},"content":{"rendered":"<section class=\"l-section wpb_row height_large color_primary with_img parallax_hor bgwidth_120 with_overlay with_shape\"><div class=\"l-section-img\" style=\"background-image: url(https:\/\/carrickgroup.co.uk\/wp-content\/uploads\/2019\/11\/parallax6.jpg);\" data-img-width=\"4000\" data-img-height=\"2667\"><\/div><div class=\"l-section-overlay\" style=\"background: rgba(2,2,2,0.67)\"><\/div><div class=\"l-section-shape type_wave pos_bottom\"><svg xmlns=\"http:\/\/www.w3.org\/2000\/svg\" viewBox=\"0 4 64 4\" preserveAspectRatio=\"none\" width=\"100%\" height=\"100%\">\r\n\t<path fill=\"currentColor\" d=\"M64 6 C32 0 32 12 0 6 L0 8 L64 8 Z\"\/>\r\n<\/svg><\/div><div class=\"l-section-h i-cf\"><div class=\"g-cols vc_row type_default valign_top\"><div class=\"vc_col-sm-12 wpb_column vc_column_container\"><div class=\"vc_column-inner\"><div class=\"wpb_wrapper\"><div class=\"w-iconbox iconpos_top style_default color_custom align_center no_title no_text\"><a class=\"w-iconbox-link\" href=\"#intro\" aria-hidden=\"true\"><div class=\"w-iconbox-icon\" style=\"font-size:2rem;color:#ffffff;\"><i class=\"far fa-chevron-down\"><\/i><\/div><\/a><div class=\"w-iconbox-meta\"><\/div><\/div><div class=\"w-separator size_medium\"><\/div><\/div><\/div><\/div><\/div><\/div><\/section><section class=\"l-section wpb_row height_auto color_primary type_sticky\" data-sticky-disable-width=\"900\"><div class=\"l-section-h i-cf\"><div class=\"g-cols vc_row type_default valign_top\"><div class=\"vc_col-sm-12 wpb_column vc_column_container\"><div class=\"vc_column-inner\"><div class=\"wpb_wrapper\"><div class=\"vc_wp_custommenu  layout_hor align_center\" style=\"font-size:1.2rem;\"><\/div><\/div><\/div><\/div><\/div><\/div><\/section><div class=\"l-section-gap\"><\/div><section class=\"l-section wpb_row height_large\" id=\"history\"><div class=\"l-section-h i-cf\"><div class=\"g-cols vc_row type_default valign_top\"><div class=\"vc_col-sm-6 wpb_column vc_column_container\"><div class=\"vc_column-inner\"><div class=\"wpb_wrapper\"><div class=\"w-image align_none\"><div class=\"w-image-h\"><img loading=\"lazy\" decoding=\"async\" width=\"600\" height=\"600\" src=\"https:\/\/carrickgroup.co.uk\/wp-content\/uploads\/2019\/11\/76652245_931801273869060_8063088880993173504_n-1-600x600.jpg\" class=\"attachment-us_600_600_crop size-us_600_600_crop\" alt=\"\" srcset=\"https:\/\/carrickgroup.co.uk\/wp-content\/uploads\/2019\/11\/76652245_931801273869060_8063088880993173504_n-1-600x600.jpg 600w, https:\/\/carrickgroup.co.uk\/wp-content\/uploads\/2019\/11\/76652245_931801273869060_8063088880993173504_n-1-150x150.jpg 150w\" sizes=\"(max-width: 600px) 100vw, 600px\" \/><\/div><\/div><\/div><\/div><\/div><div class=\"vc_col-sm-6 wpb_column vc_column_container\"><div class=\"vc_column-inner\"><div class=\"wpb_wrapper\">\r\n\t<div class=\"wpb_text_column \">\r\n\t\t<div class=\"wpb_wrapper\">\r\n\t\t\t<h3>V\u1ec0 CARRICK EDUCATION<\/h3>\n<p>Th\u00e2n g\u1eedi Qu\u00fd Ph\u1ee5 Huynh v\u00e0 c\u00e1c Em du h\u1ecdc sinh !<br \/>\nXu\u1ea5t ph\u00e1t t\u1eeb nhu c\u1ea7u du h\u1ecdc t\u1ea1i V\u01b0\u01a1ng Qu\u1ed1c Anh ng\u00e0y m\u1ed9t t\u0103ng cao, c\u00f4ng ty \u0111\u1ea7u t\u01b0 Carrick Limited \u0111\u01b0\u1ee3c th\u00e0nh l\u1eadp \u0111\u1ec3 h\u1ed7 tr\u1ee3 c\u00e1c du h\u1ecdc sinh s\u1edbm ti\u1ebfp c\u1eadn v\u1edbi nh\u1eefng trung t\u00e2m gi\u00e1o d\u1ee5c h\u00e0ng \u0111\u1ea7u th\u1ebf gi\u1edbi. V\u1edbi nhi\u1ec1u n\u0103m kinh nghi\u1ec7m l\u00e0m vi\u1ec7c t\u1ea1i V\u01b0\u01a1ng Qu\u1ed1c Anh \u2013 ch\u00fang t\u00f4i c\u00f3 kh\u1ea3 n\u0103ng cung c\u1ea5p d\u1ecbch v\u1ee5 chuy\u00ean nghi\u1ec7p v\u00e0 t\u1ed1i \u01b0u h\u00f3a cho t\u1eebng h\u1ecdc sinh \/ sinh vi\u00ean Vi\u1ec7t Nam mong mu\u1ed1n du h\u1ecdc t\u1ea1i V\u01b0\u01a1ng Qu\u1ed1c Anh. Ng\u01b0\u1eddi s\u00e1ng l\u1eadp c\u1ee7a ch\u00fang t\u00f4i \u0111\u00e3 \u0111\u01b0\u1ee3c t\u1ed1t nghi\u1ec7p t\u1eeb tr\u01b0\u1eddng \u0111\u1ea1i h\u1ecdc c\u00f3 uy t\u00edn c\u1ee7a V\u01b0\u01a1ng Qu\u1ed1c Anh v\u00e0 t\u1eebng l\u00e0m vi\u1ec7c trong c\u00e1c l\u0129nh v\u1ef1c \u0111\u1ea7u ng\u00e0nh t\u1ea1i \u0111\u00e2y. \u0110\u1ec3 cung c\u1ea5p cho c\u00e1c em h\u1ecdc sinh \/ sinh vi\u00ean Vi\u1ec7t Nam nh\u1eefng h\u1ed7 tr\u1ee3 \u0111\u1ea1t hi\u1ec7u qu\u1ea3 cao t\u1ea1i V\u01b0\u01a1ng Qu\u1ed1c Anh, C\u00f4ng ty ch\u00fang t\u00f4i th\u01b0\u1eddng xuy\u00ean tham d\u1ef1 c\u00e1c bu\u1ed5i tri\u1ec3n l\u00e3m \/ h\u1ed9i th\u1ea3o gi\u00e1o d\u1ee5c qu\u1ed1c t\u1ebf v\u00e0 tham quan c\u00e1c tr\u01b0\u1eddng \u0111\u1ea1i h\u1ecdc, tr\u01b0\u1eddng cao \u0111\u1eb3ng, v\u00e0 c\u00e1c tr\u01b0\u1eddng ph\u1ed5 th\u00f4ng hay c\u00e1c t\u1ed5 ch\u1ee9c gi\u00e1o d\u1ee5c c\u00f3 uy t\u00edn \u1edf V\u01b0\u01a1ng qu\u1ed1c Anh \u0111\u1ec3 th\u01b0\u1eddng xuy\u00ean c\u1eadp nh\u1eadt \/ n\u1eafm b\u1eaft c\u00e1c quy \u0111\u1ecbnh v\u00e0 nhu c\u1ea7u tuy\u1ec3n sinh m\u1edbi nh\u1ea5t. Ch\u00fang t\u00f4i lu\u00f4n c\u1ed1 g\u1eafng gi\u00fap c\u00e1c du h\u1ecdc sinh c\u00f3 th\u00f4ng tin \u0111\u1ea7y \u0111\u1ee7 v\u1ec1 c\u00e1c ch\u01b0\u01a1ng tr\u00ecnh h\u1ecdc, \u0111\u1eb7c bi\u1ec7t l\u00e0 h\u1ecdc b\u1ed5ng. V\u0103n ph\u00f2ng c\u1ee7a c\u00f4ng ty ch\u00fang t\u00f4i \u0111\u01b0\u1ee3c \u0111\u1eb7t t\u1ea1i London \u2013 th\u1ee7 \u0111\u00f4 V\u01b0\u01a1ng Qu\u1ed1c Anh v\u00e0 H\u00e0 N\u1ed9i, do v\u1eady, ngo\u00e0i kh\u1ea3 n\u0103ng c\u1eadp nh\u1eadt th\u00f4ng tin tuy\u1ec3n sinh, ch\u00fang t\u00f4i c\u00f2n c\u00f3 th\u1ec3 h\u1ed7 tr\u1ee3 gia \u0111\u00ecnh v\u00e0 c\u00e1c du h\u1ecdc sinh c\u1ea3 v\u1ec1 h\u1ed9i nh\u1eadp v\u0103n h\u00f3a, ch\u1ed7 \u1edf, ph\u01b0\u01a1ng ti\u1ec7n \u0111i l\u1ea1i, v\u00e0 c\u00e1c d\u1ecbch v\u1ee5 kh\u00e1c t\u1ea1i V\u01b0\u01a1ng Qu\u1ed1c Anh<\/p>\n\r\n\t\t<\/div>\r\n\t<\/div>\r\n<\/div><\/div><\/div><\/div><\/div><\/section><section class=\"l-section wpb_row height_medium\"><div class=\"l-section-h i-cf\"><div class=\"g-cols vc_row type_default valign_top\"><div class=\"vc_col-sm-12 wpb_column vc_column_container\"><div class=\"vc_column-inner\"><div class=\"wpb_wrapper\">[vc_custom_heading text=&#8221;PH\u01af\u01a0NG CH\u00c2M L\u00c0M VI\u1ec6C C\u1ee6A C\u00d4NG TY&#8221; font_container=&#8221;tag:h3|text_align:center|color:%232092c4&#8243; use_theme_fonts=&#8221;yes&#8221;]<\/div><\/div><\/div><\/div><\/div><\/section><section class=\"l-section wpb_row height_medium\"><div class=\"l-section-h i-cf\"><div class=\"g-cols vc_row type_default valign_top\"><div class=\"vc_col-sm-1\/5 wpb_column vc_column_container\"><div class=\"vc_column-inner\"><div class=\"wpb_wrapper\"><div class=\"w-iconbox iconpos_top style_default color_primary align_center\"><div class=\"w-iconbox-icon\" style=\"font-size:5.2rem;\"><i class=\"fas fa-bullseye\"><\/i><\/div><div class=\"w-iconbox-meta\"><h4 class=\"w-iconbox-title\">M\u1ee4C \u0110\u00cdCH<\/h4><div class=\"w-iconbox-text\"><p>C\u00f4ng ty lu\u00f4n lu\u00f4n l\u1ef1a ch\u1ecdn c\u00e1c tr\u01b0\u1eddng ph\u1ed5 th\u00f4ng, tr\u01b0\u1eddng \u0111\u1ea1i h\u1ecdc, v\u00e0 tr\u01b0\u1eddng cao \u0111\u1eb3ng ph\u00f9 h\u1ee3p v\u1edbi c\u00e1c sinh vi\u00ean ti\u1ec1m n\u0103ng t\u1ea1i Vi\u1ec7t Nam.<\/p>\n<\/div><\/div><\/div><\/div><\/div><\/div><div class=\"vc_col-sm-1\/5 wpb_column vc_column_container\"><div class=\"vc_column-inner\"><div class=\"wpb_wrapper\"><div class=\"w-iconbox iconpos_top style_default color_primary align_center\"><div class=\"w-iconbox-icon\" style=\"font-size:5.2rem;\"><i class=\"fas fa-eye\"><\/i><\/div><div class=\"w-iconbox-meta\"><h4 class=\"w-iconbox-title\">T\u1ea6M NH\u00ccN<\/h4><div class=\"w-iconbox-text\"><p>Ch\u00fang t\u00f4i lu\u00f4n l\u1ef1a ch\u1ecdn l\u00e0m vi\u1ec7c v\u1edbi c\u00e1c \u0111\u1ed1i t\u00e1c tin c\u1eady nh\u1ea5t<\/p>\n<\/div><\/div><\/div><\/div><\/div><\/div><div class=\"vc_col-sm-1\/5 wpb_column vc_column_container\"><div class=\"vc_column-inner\"><div class=\"wpb_wrapper\"><div class=\"w-iconbox iconpos_top style_default color_primary align_center\"><div class=\"w-iconbox-icon\" style=\"font-size:5.2rem;\"><i class=\"fas fa-compass\"><\/i><\/div><div class=\"w-iconbox-meta\"><h4 class=\"w-iconbox-title\">TUY\u00caN B\u1ed0 S\u1ee8 M\u1ec6NH<\/h4><div class=\"w-iconbox-text\"><p>Ch\u00fang t\u00f4i lu\u00f4n \u0111\u1ea3m b\u1ea3o gi\u00e1o d\u1ee5c t\u1ed1t nh\u1ea5t cho c\u00e1c sinh vi\u00ean ti\u1ec1m n\u0103ng<\/p>\n<\/div><\/div><\/div><\/div><\/div><\/div><div class=\"vc_col-sm-1\/5 wpb_column vc_column_container\"><div class=\"vc_column-inner\"><div class=\"wpb_wrapper\"><div class=\"w-iconbox iconpos_top style_default color_primary align_center\"><div class=\"w-iconbox-icon\" style=\"font-size:5.2rem;\"><i class=\"fas fa-heart\"><\/i><\/div><div class=\"w-iconbox-meta\"><h4 class=\"w-iconbox-title\">GI\u00c1 TR\u1eca C\u1ed0T L\u00d5I<\/h4><div class=\"w-iconbox-text\"><p>Cha m\u1eb9 h\u1ecdc sinh\/sinh vi\u00ean lu\u00f4n c\u00f3 s\u1ef1 an t\u00e2m v\u1edbi s\u1ef1 l\u1ef1a ch\u1ecdn c\u1ee7a m\u00ecnh khi \u0111\u01b0\u1ee3c s\u1ef1 t\u01b0 v\u1ea5n c\u1ee7a ch\u00fang t\u00f4i<\/p>\n<\/div><\/div><\/div><\/div><\/div><\/div><div class=\"vc_col-sm-1\/5 wpb_column vc_column_container\"><div class=\"vc_column-inner\"><div class=\"wpb_wrapper\"><div class=\"w-iconbox iconpos_top style_default color_primary align_center\"><div class=\"w-iconbox-icon\" style=\"font-size:5.2rem;\"><i class=\"fas fa-bullseye-arrow\"><\/i><\/div><div class=\"w-iconbox-meta\"><h4 class=\"w-iconbox-title\">M\u1ee4C TI\u00caU<\/h4><div class=\"w-iconbox-text\"><p>Trung t\u00e2m t\u01b0 v\u1ea5n gi\u00e1o d\u1ee5c t\u1ed1t nh\u1ea5t cho c\u1ed9ng \u0111\u1ed3ng ng\u01b0\u1eddi Vi\u1ec7t<\/p>\n<\/div><\/div><\/div><\/div><\/div><\/div><\/div><\/div><\/section><section class=\"l-section wpb_row height_medium color_alternate\" id=\"team\"><div class=\"l-section-h i-cf\"><div class=\"g-cols vc_row type_default valign_top\"><div class=\"vc_col-sm-12 wpb_column vc_column_container\"><div class=\"vc_column-inner\"><div class=\"wpb_wrapper\">[vc_custom_heading text=&#8221;T\u1ed4NG QUAN V\u1ec0 CARRICK EDUCATION&#8221; font_container=&#8221;tag:h3|text_align:center|color:%232092c4&#8243; use_theme_fonts=&#8221;yes&#8221;]<div class=\"w-image align_none\"><div class=\"w-image-h\"><img loading=\"lazy\" decoding=\"async\" width=\"1109\" height=\"463\" src=\"https:\/\/carrickgroup.co.uk\/wp-content\/uploads\/2019\/11\/Untitled-Diagram.jpg\" class=\"attachment-full size-full\" alt=\"\" srcset=\"https:\/\/carrickgroup.co.uk\/wp-content\/uploads\/2019\/11\/Untitled-Diagram.jpg 1109w, https:\/\/carrickgroup.co.uk\/wp-content\/uploads\/2019\/11\/Untitled-Diagram-300x125.jpg 300w, https:\/\/carrickgroup.co.uk\/wp-content\/uploads\/2019\/11\/Untitled-Diagram-1024x428.jpg 1024w\" sizes=\"(max-width: 1109px) 100vw, 1109px\" \/><\/div><\/div><\/div><\/div><\/div><\/div><\/div><\/section><section class=\"l-section wpb_row height_medium color_alternate\" id=\"intro\"><div class=\"l-section-h i-cf\"><div class=\"g-cols vc_row type_default valign_top\"><div class=\"vc_col-sm-12 wpb_column vc_column_container\"><div class=\"vc_column-inner\"><div class=\"wpb_wrapper\">[vc_custom_heading text=&#8221;D\u1ecaCH V\u1ee4&#8221; font_container=&#8221;tag:h3|text_align:center|color:%232092c4&#8243; use_theme_fonts=&#8221;yes&#8221;]<div class=\"w-separator size_large\"><\/div><div class=\"g-cols wpb_row  type_default valign_top vc_inner \"><div class=\"vc_col-sm-3 wpb_column vc_column_container\"><div class=\"vc_column-inner\"><div class=\"wpb_wrapper\"><div class=\"w-iconbox iconpos_top style_default color_primary align_center\"><div class=\"w-iconbox-icon\" style=\"font-size:5.2rem;\"><i class=\"fas fa-university\"><\/i><\/div><div class=\"w-iconbox-meta\"><h4 class=\"w-iconbox-title\">D\u1ecbch v\u1ee5 t\u01b0 v\u1ea5n \u0111\u1ecbnh h\u01b0\u1edbng<\/h4><div class=\"w-iconbox-text\"><p>Ch\u00fang t\u00f4i s\u1ebd b\u1ed1 tr\u00ed g\u1eb7p g\u1ee1 ri\u00eang v\u1edbi t\u1eebng h\u1ecdc sinh \/ sinh vi\u00ean v\u00e0 ph\u1ee5 huynh \u0111\u1ec3 x\u00e1c \u0111\u1ecbnh r\u00f5 m\u1ee5c ti\u00eau c\u1ee7a gia \u0111\u00ecnh v\u00e0 c\u00e1c em. Qua \u0111\u00f3, ch\u00fang t\u00f4i s\u1ebd x\u00e2y d\u1ef1ng m\u1ed9t l\u1ed9 tr\u00ecnh gi\u00e1o d\u1ee5c t\u1ed1i \u01b0u \u0111\u1ec3 gi\u00fap gia \u0111\u00ecnh v\u00e0 c\u00e1c em \u0111\u1ea1t \u0111\u01b0\u1ee3c m\u1ee5c ti\u00eau n\u00e0y<\/p>\n<\/div><\/div><\/div><\/div><\/div><\/div><div class=\"vc_col-sm-3 wpb_column vc_column_container\"><div class=\"vc_column-inner\"><div class=\"wpb_wrapper\"><div class=\"w-iconbox iconpos_top style_default color_primary align_center\"><div class=\"w-iconbox-icon\" style=\"font-size:5.2rem;\"><i class=\"fas fa-school\"><\/i><\/div><div class=\"w-iconbox-meta\"><h4 class=\"w-iconbox-title\">D\u1ecbch v\u1ee5 \u0111\u0103ng k\u00fd nh\u1eadp h\u1ecdc<\/h4><div class=\"w-iconbox-text\"><p>Ch\u00fang t\u00f4i h\u1ed7 tr\u1ee3 c\u00e1c h\u1ecdc sinh \/ sinh vi\u00ean c\u00f3 s\u1ef1 chu\u1ea9n b\u1ecb h\u1ed3 s\u01a1 c\u1ea9n th\u1eadn, \u0111\u1ea7y \u0111\u1ee7. \u0110\u1ed3ng th\u1eddi gi\u00fap nhanh ch\u00f3ng ho\u00e0n t\u1ea5t c\u00e1c th\u1ee7 t\u1ee5c \u0111\u0103ng k\u00fd nh\u1eadp h\u1ecdc \u2013 v\u1edbi t\u1ef7 l\u1ec7 th\u00e0nh c\u00f4ng cao.<\/p>\n<\/div><\/div><\/div><\/div><\/div><\/div><div class=\"vc_col-sm-3 wpb_column vc_column_container\"><div class=\"vc_column-inner\"><div class=\"wpb_wrapper\"><div class=\"w-iconbox iconpos_top style_default color_primary align_center\"><div class=\"w-iconbox-icon\" style=\"font-size:5.2rem;\"><i class=\"fas fa-headset\"><\/i><\/div><div class=\"w-iconbox-meta\"><h4 class=\"w-iconbox-title\">D\u1ecbch v\u1ee5 h\u1ed7 tr\u1ee3 th\u00f4ng tin<\/h4><div class=\"w-iconbox-text\"><p>Ch\u00fang t\u00f4i c\u00f3 m\u1ed1i quan h\u1ec7 r\u1ea5t t\u1ed1t v\u1edbi c\u00e1c ph\u00f2ng tuy\u1ec3n sinh c\u1ee7a c\u00e1c tr\u01b0\u1eddng v\u00e0 c\u00f3 nhi\u1ec1u kinh nghi\u1ec7m v\u1ec1 quy tr\u00ecnh tuy\u1ec3n sinh c\u1ee7a m\u1ed7i c\u01a1 s\u1edf gi\u00e1o d\u1ee5c. Ch\u00fang t\u00f4i c\u00f3 th\u1ec3 gi\u00fap \u0111\u1ee1 c\u00e1c em h\u1ecdc sinh \/ sinh vi\u00ean duy tr\u00ec li\u00ean l\u1ea1c v\u1edbi t\u1ed5 ch\u1ee9c trong su\u1ed1t qu\u00e1 tr\u00ecnh \u0111\u0103ng k\u00fd v\u00e0 s\u1ebd update th\u00f4ng tin theo t\u1eebng giai \u0111o\u1ea1n.<\/p>\n<\/div><\/div><\/div><\/div><\/div><\/div><div class=\"vc_col-sm-3 wpb_column vc_column_container\"><div class=\"vc_column-inner\"><div class=\"wpb_wrapper\"><div class=\"w-iconbox iconpos_top style_default color_primary align_center\"><div class=\"w-iconbox-icon\" style=\"font-size:5.2rem;\"><i class=\"fas fa-heart-square\"><\/i><\/div><div class=\"w-iconbox-meta\"><h4 class=\"w-iconbox-title\">C\u00e1c d\u1ecbch v\u1ee5 b\u1ed5 sung<\/h4><div class=\"w-iconbox-text\"><p>H\u1ed7 tr\u1ee3 xin c\u1ea5p, \u0111\u1ed5i Visa, t\u00ecm v\u00e0 thay \u0111\u1ed5i ch\u1ed7 \u1edf. \u0110\u1ed3ng th\u1eddi ch\u00fang t\u00f4i lu\u00f4n s\u1eb5n s\u00e0ng tr\u1ee3 gi\u00fap 24\/7 v\u1ec1 c\u00e1c th\u00f4ng tin \u0111\u1ecba ph\u01b0\u01a1ng, tr\u1ee3 gi\u00fap y t\u1ebf, ng\u00e2n h\u00e0ng, d\u1ea1y k\u00e8m, t\u01b0 v\u1ea5n v\u00e0 gi\u00fap lu\u1eadn \u00e1n, \u0111\u00f3n t\u1ea1i s\u00e2n bay v\u00e0 s\u1eafp x\u1ebfp vi\u1ec7c \u0111i l\u1ea1i..<\/p>\n<\/div><\/div><\/div><\/div><\/div><\/div><\/div><\/div><\/div><\/div><\/div><\/div><\/section><section class=\"l-section wpb_row height_medium\"><div class=\"l-section-h i-cf\"><div class=\"g-cols vc_row type_default valign_top\"><div class=\"vc_col-sm-12 wpb_column vc_column_container\"><div class=\"vc_column-inner  vc_custom_1573319007220\"><div class=\"wpb_wrapper\">[vc_custom_heading text=&#8221;\u0110\u1ed8I NG\u0168 L\u00c3NH \u0110\u1ea0O C\u1ee6A CH\u00daNG T\u00d4I&#8221; font_container=&#8221;tag:h3|text_align:center|color:%232092c4&#8243; use_theme_fonts=&#8221;yes&#8221;]\r\n\t<div class=\"wpb_text_column \">\r\n\t\t<div class=\"wpb_wrapper\">\r\n\t\t\t<ul>\n<li><u><a href=\"https:\/\/www.dunelm.org.uk\/emailviewonwebpage.aspx?erid=14291342&amp;trid=e3ed5960-52d9-4324-8190-83bce27a6c05&amp;fbclid=IwAR0oesbwcNVyu9--XYHc_yDbGXiaKSetpzilLFPoHrNWRQaz4qSATaBhy1Q\">https:\/\/www.dunelm.org.uk\/emailviewonwebpage.aspx?erid=14291342&amp;trid=e3ed5960-52d9-4324-8190-83bce27a6c05&amp;fbclid=IwAR0oesbwcNVyu9&#8211;XYHc_yDbGXiaKSetpzilLFPoHrNWRQaz4qSATaBhy1Q<\/a><\/u><\/li>\n<li><u><a href=\"https:\/\/www.accaglobal.com\/uk\/en\/member\/find-an-accountant\/directory-of-member\/results.html?isocountry=GB&amp;FirstName=Anh&amp;Surname=Carrick&amp;Location=&amp;inputcountrysuspended=UK&amp;orgid=ACCA&amp;orby=FNA&amp;ipp=5&amp;pn=1&amp;hid=&amp;requestcount=1\">https:\/\/www.accaglobal.com\/uk\/en\/member\/find-an-accountant\/directory-of-member\/results.html?isocountry=GB&amp;FirstName=Anh&amp;Surname=Carrick&amp;Location=&amp;inputcountrysuspended=UK&amp;orgid=ACCA&amp;orby=FNA&amp;ipp=5&amp;pn=1&amp;hid=&amp;requestcount=1<\/a><\/u><\/li>\n<li><a href=\"https:\/\/www.vietnamgloballeaders.org\/speaker\/anh-dao-carrick-english\/\">https:\/\/www.vietnamgloballeaders.org\/speaker\/anh-dao-carrick-english\/<\/a><\/li>\n<li><a href=\"https:\/\/baomoi.com\/danh-sach-ban-chap-hanh-trung-uong-hoi-doanh-nhan-tu-nhan-viet-nam-khoa-ii-nhiem-ky-2018-2023\/c\/28674236.epi\">http:\/\/hoidoanhnhanvn.vn\/portal\/kenhtin\/ban-chap-hanh-hoi.aspx<\/a><\/li>\n<li><a href=\"https:\/\/stitchesintime.org.uk\/board\">https:\/\/stitchesintime.org.uk\/board<\/a><\/li>\n<\/ul>\n\r\n\t\t<\/div>\r\n\t<\/div>\r\n<div class=\"w-separator size_medium\"><\/div><\/div><\/div><\/div><\/div><\/div><\/section><section class=\"l-section wpb_row height_medium\"><div class=\"l-section-h i-cf\"><div class=\"g-cols vc_row type_default valign_top\"><div class=\"vc_col-sm-12 wpb_column vc_column_container\"><div class=\"vc_column-inner\"><div class=\"wpb_wrapper\">[vc_custom_heading text=&#8221;GI\u1edaI THI\u1ec6U V\u1ec0 TR\u01af\u1edcNG N\u1ed8I TR\u00da ANH TR\u00caN K\u00caNH VTC6&#8243; font_container=&#8221;tag:h3|text_align:center|color:%232092c4&#8243; use_theme_fonts=&#8221;yes&#8221;]<div class=\"ult-spacer spacer-69e5aac73597f\" data-id=\"69e5aac73597f\" data-height=\"20\" data-height-mobile=\"20\" data-height-tab=\"20\" data-height-tab-portrait=\"\" data-height-mobile-landscape=\"\" style=\"clear:both;display:block;\"><\/div>\r\n\t<div class=\"wpb_text_column \">\r\n\t\t<div class=\"wpb_wrapper\">\r\n\t\t\t<p><span style=\"font-size: 14pt;\">Gi\u1edbi thi\u1ec7u v\u1ec1 Tr\u01b0\u1eddng n\u1ed9i tr\u00fa Anh tr\u00ean ch\u01b0\u01a1ng tr\u00ecnh <strong>\u201cc\u00f3 th\u1ec3 b\u1ea1n ch\u01b0a bi\u1ebft\u201d c\u1ee7a k\u00eanh VTC6<\/strong> v\u00e0o l\u00fac <strong>20:15 ng\u00e0y 20.12.2019<\/strong><\/span><\/p>\n\r\n\t\t<\/div>\r\n\t<\/div>\r\n<div class=\"ult-spacer spacer-69e5aac735ac3\" data-id=\"69e5aac735ac3\" data-height=\"20\" data-height-mobile=\"20\" data-height-tab=\"20\" data-height-tab-portrait=\"\" data-height-mobile-landscape=\"\" style=\"clear:both;display:block;\"><\/div><div class=\"w-video ratio_16x9\"><div class=\"w-video-h\"><iframe src=\"\/\/www.youtube.com\/embed\/XuCEYsP4lyo\" allowfullscreen=\"1\"><\/iframe><\/div><\/div><\/div><\/div><\/div><\/div><\/div><\/section>\n","protected":false},"excerpt":{"rendered":"V\u1ec0 CARRICK EDUCATION Th\u00e2n g\u1eedi Qu\u00fd Ph\u1ee5 Huynh v\u00e0 c\u00e1c Em du h\u1ecdc sinh ! Xu\u1ea5t ph\u00e1t t\u1eeb nhu c\u1ea7u du h\u1ecdc t\u1ea1i V\u01b0\u01a1ng Qu\u1ed1c Anh ng\u00e0y m\u1ed9t t\u0103ng cao, c\u00f4ng ty \u0111\u1ea7u t\u01b0 Carrick Limited \u0111\u01b0\u1ee3c th\u00e0nh l\u1eadp \u0111\u1ec3 h\u1ed7 tr\u1ee3 c\u00e1c du h\u1ecdc sinh s\u1edbm ti\u1ebfp c\u1eadn v\u1edbi nh\u1eefng trung t\u00e2m gi\u00e1o d\u1ee5c...","protected":false},"author":1,"featured_media":0,"parent":1106,"menu_order":0,"comment_status":"closed","ping_status":"closed","template":"","meta":{"_acf_changed":false,"footnotes":""},"acf":[],"_links":{"self":[{"href":"https:\/\/carrickgroup.co.uk\/vi\/wp-json\/wp\/v2\/pages\/7080"}],"collection":[{"href":"https:\/\/carrickgroup.co.uk\/vi\/wp-json\/wp\/v2\/pages"}],"about":[{"href":"https:\/\/carrickgroup.co.uk\/vi\/wp-json\/wp\/v2\/types\/page"}],"author":[{"embeddable":true,"href":"https:\/\/carrickgroup.co.uk\/vi\/wp-json\/wp\/v2\/users\/1"}],"replies":[{"embeddable":true,"href":"https:\/\/carrickgroup.co.uk\/vi\/wp-json\/wp\/v2\/comments?post=7080"}],"version-history":[{"count":33,"href":"https:\/\/carrickgroup.co.uk\/vi\/wp-json\/wp\/v2\/pages\/7080\/revisions"}],"predecessor-version":[{"id":7700,"href":"https:\/\/carrickgroup.co.uk\/vi\/wp-json\/wp\/v2\/pages\/7080\/revisions\/7700"}],"up":[{"embeddable":true,"href":"https:\/\/carrickgroup.co.uk\/vi\/wp-json\/wp\/v2\/pages\/1106"}],"wp:attachment":[{"href":"https:\/\/carrickgroup.co.uk\/vi\/wp-json\/wp\/v2\/media?parent=7080"}],"curies":[{"name":"wp","href":"https:\/\/api.w.org\/{rel}","templated":true}]}}